{"id":10479,"date":"2024-03-15T16:49:40","date_gmt":"2024-03-15T09:49:40","guid":{"rendered":"https:\/\/integrator.retomotion.com\/?post_type=product&#038;p=10479"},"modified":"2024-04-06T14:34:20","modified_gmt":"2024-04-06T07:34:20","slug":"infobit-ishare-seri-e","status":"publish","type":"product","link":"https:\/\/integrator.retomotion.com\/id\/produk\/infobit-ishare-seri-e\/","title":{"rendered":"Infobit iShare Seri E"},"content":{"rendered":"<div id=\"section1\" class=\"product_content marbot-70 flexwrap m-width-1400\">\n<div class=\"content_grid inner-20\">\n<div class=\"grid_right prodis-box good_grid sm_100\">\n<div class=\"prodis-gall disflex flexwrap\">\n<div class=\"gall-tips\">\n<div class=\"prodis-des\">\n<div class=\"text\">\n<h2>Presentasi Nirkabel<\/h2>\n<p><img loading=\"lazy\" decoding=\"async\" class=\"alignnone size-medium wp-image-10480\" src=\"http:\/\/integrator.retomotion.com\/wp-content\/uploads\/sites\/3\/2024\/03\/iShare-E\u7f51\u9875-banner-22-4-21-300x113.jpg\" alt=\"\" width=\"300\" height=\"113\" srcset=\"https:\/\/integrator.retomotion.com\/wp-content\/uploads\/sites\/3\/2024\/03\/iShare-E\u7f51\u9875-banner-22-4-21-300x113.jpg 300w, https:\/\/integrator.retomotion.com\/wp-content\/uploads\/sites\/3\/2024\/03\/iShare-E\u7f51\u9875-banner-22-4-21-1024x384.jpg 1024w, https:\/\/integrator.retomotion.com\/wp-content\/uploads\/sites\/3\/2024\/03\/iShare-E\u7f51\u9875-banner-22-4-21-768x288.jpg 768w, https:\/\/integrator.retomotion.com\/wp-content\/uploads\/sites\/3\/2024\/03\/iShare-E\u7f51\u9875-banner-22-4-21-1536x576.jpg 1536w, https:\/\/integrator.retomotion.com\/wp-content\/uploads\/sites\/3\/2024\/03\/iShare-E\u7f51\u9875-banner-22-4-21-18x7.jpg 18w, https:\/\/integrator.retomotion.com\/wp-content\/uploads\/sites\/3\/2024\/03\/iShare-E\u7f51\u9875-banner-22-4-21-610x229.jpg 610w, https:\/\/integrator.retomotion.com\/wp-content\/uploads\/sites\/3\/2024\/03\/iShare-E\u7f51\u9875-banner-22-4-21-1080x405.jpg 1080w, https:\/\/integrator.retomotion.com\/wp-content\/uploads\/sites\/3\/2024\/03\/iShare-E\u7f51\u9875-banner-22-4-21-600x225.jpg 600w, https:\/\/integrator.retomotion.com\/wp-content\/uploads\/sites\/3\/2024\/03\/iShare-E\u7f51\u9875-banner-22-4-21.jpg 1920w\" sizes=\"(max-width: 300px) 100vw, 300px\" \/><\/p>\n<p>\u2022 Kontrol sentuh<br \/>\n\u2022 Maks. 16 pengguna terhubung secara bersamaan<br \/>\n\u2022 Dongle nirkabel USB C atau HDMI<br \/>\n\u2022 Hingga 4 gambar per layar<br \/>\n\u2022 Mendukung Windows, macOS, iOS, Android, Google<br \/>\nChrome, dan Ubuntu, dll.<br \/>\n\u2022 Didukung oleh perangkat lunak EShare<\/p>\n<\/div>\n<\/div>\n<\/div>\n<\/div>\n<\/div>\n<\/div>\n<\/div>\n<div class=\"product_plug_grid h-newsmoudle cffft h-text-center\">\n<div class=\"inner-20\">\n<div class=\"m-width-1400\">\n<div class=\"text-p\">\n<h2 class=\"ny_title\">Sistem presentasi paling kuat<\/h2>\n<p><img loading=\"lazy\" decoding=\"async\" class=\"alignnone size-medium wp-image-10481\" src=\"http:\/\/integrator.retomotion.com\/wp-content\/uploads\/sites\/3\/2024\/03\/ishare-E-banner4-13-11-300x113.jpg\" alt=\"\" width=\"300\" height=\"113\" srcset=\"https:\/\/integrator.retomotion.com\/wp-content\/uploads\/sites\/3\/2024\/03\/ishare-E-banner4-13-11-300x113.jpg 300w, https:\/\/integrator.retomotion.com\/wp-content\/uploads\/sites\/3\/2024\/03\/ishare-E-banner4-13-11-1024x384.jpg 1024w, https:\/\/integrator.retomotion.com\/wp-content\/uploads\/sites\/3\/2024\/03\/ishare-E-banner4-13-11-768x288.jpg 768w, https:\/\/integrator.retomotion.com\/wp-content\/uploads\/sites\/3\/2024\/03\/ishare-E-banner4-13-11-1536x576.jpg 1536w, https:\/\/integrator.retomotion.com\/wp-content\/uploads\/sites\/3\/2024\/03\/ishare-E-banner4-13-11-18x7.jpg 18w, https:\/\/integrator.retomotion.com\/wp-content\/uploads\/sites\/3\/2024\/03\/ishare-E-banner4-13-11-610x229.jpg 610w, https:\/\/integrator.retomotion.com\/wp-content\/uploads\/sites\/3\/2024\/03\/ishare-E-banner4-13-11-1080x405.jpg 1080w, https:\/\/integrator.retomotion.com\/wp-content\/uploads\/sites\/3\/2024\/03\/ishare-E-banner4-13-11-600x225.jpg 600w, https:\/\/integrator.retomotion.com\/wp-content\/uploads\/sites\/3\/2024\/03\/ishare-E-banner4-13-11.jpg 1920w\" sizes=\"(max-width: 300px) 100vw, 300px\" \/><\/p>\n<p>Kompatibel dengan semua perangkat: Bagikan layar dari Windows, macOS, iOS, Android, Google Chrome, dan Ubuntu, dll.<\/p>\n<\/div>\n<\/div>\n<\/div>\n<\/div>\n<div class=\"product_plug_grid h-newsmoudle cffft h-text-center\">\n<div class=\"inner-20\">\n<div class=\"m-width-1400\">\n<div class=\"text-p\">\n<h2 class=\"ny_title\">Memperkaya aplikasi Android<\/h2>\n<p><img loading=\"lazy\" decoding=\"async\" class=\"alignnone size-medium wp-image-10482\" src=\"http:\/\/integrator.retomotion.com\/wp-content\/uploads\/sites\/3\/2024\/03\/ishare-E-banner4-13-12-300x113.jpg\" alt=\"\" width=\"300\" height=\"113\" srcset=\"https:\/\/integrator.retomotion.com\/wp-content\/uploads\/sites\/3\/2024\/03\/ishare-E-banner4-13-12-300x113.jpg 300w, https:\/\/integrator.retomotion.com\/wp-content\/uploads\/sites\/3\/2024\/03\/ishare-E-banner4-13-12-1024x384.jpg 1024w, https:\/\/integrator.retomotion.com\/wp-content\/uploads\/sites\/3\/2024\/03\/ishare-E-banner4-13-12-768x288.jpg 768w, https:\/\/integrator.retomotion.com\/wp-content\/uploads\/sites\/3\/2024\/03\/ishare-E-banner4-13-12-1536x576.jpg 1536w, https:\/\/integrator.retomotion.com\/wp-content\/uploads\/sites\/3\/2024\/03\/ishare-E-banner4-13-12-18x7.jpg 18w, https:\/\/integrator.retomotion.com\/wp-content\/uploads\/sites\/3\/2024\/03\/ishare-E-banner4-13-12-610x229.jpg 610w, https:\/\/integrator.retomotion.com\/wp-content\/uploads\/sites\/3\/2024\/03\/ishare-E-banner4-13-12-1080x405.jpg 1080w, https:\/\/integrator.retomotion.com\/wp-content\/uploads\/sites\/3\/2024\/03\/ishare-E-banner4-13-12-600x225.jpg 600w, https:\/\/integrator.retomotion.com\/wp-content\/uploads\/sites\/3\/2024\/03\/ishare-E-banner4-13-12.jpg 1920w\" sizes=\"(max-width: 300px) 100vw, 300px\" \/><\/p>\n<p>Ini telah memperkaya aplikasi Android bawaan yang menghadirkan lebih banyak fitur ke tampilan interaktif Anda.<\/p>\n<\/div>\n<\/div>\n<\/div>\n<\/div>\n<div class=\"product_plug_grid h-newsmoudle color-black h-text-center\">\n<div class=\"inner-20\">\n<div class=\"m-width-1400\">\n<div class=\"text-p\">\n<h2 class=\"ny_title\">Multi-tampilan<\/h2>\n<p><img loading=\"lazy\" decoding=\"async\" class=\"alignnone size-medium wp-image-10483\" src=\"http:\/\/integrator.retomotion.com\/wp-content\/uploads\/sites\/3\/2024\/03\/ishare-E-banner4-13-05-300x113.jpg\" alt=\"\" width=\"300\" height=\"113\" srcset=\"https:\/\/integrator.retomotion.com\/wp-content\/uploads\/sites\/3\/2024\/03\/ishare-E-banner4-13-05-300x113.jpg 300w, https:\/\/integrator.retomotion.com\/wp-content\/uploads\/sites\/3\/2024\/03\/ishare-E-banner4-13-05-1024x384.jpg 1024w, https:\/\/integrator.retomotion.com\/wp-content\/uploads\/sites\/3\/2024\/03\/ishare-E-banner4-13-05-768x288.jpg 768w, https:\/\/integrator.retomotion.com\/wp-content\/uploads\/sites\/3\/2024\/03\/ishare-E-banner4-13-05-1536x576.jpg 1536w, https:\/\/integrator.retomotion.com\/wp-content\/uploads\/sites\/3\/2024\/03\/ishare-E-banner4-13-05-18x7.jpg 18w, https:\/\/integrator.retomotion.com\/wp-content\/uploads\/sites\/3\/2024\/03\/ishare-E-banner4-13-05-610x229.jpg 610w, https:\/\/integrator.retomotion.com\/wp-content\/uploads\/sites\/3\/2024\/03\/ishare-E-banner4-13-05-1080x405.jpg 1080w, https:\/\/integrator.retomotion.com\/wp-content\/uploads\/sites\/3\/2024\/03\/ishare-E-banner4-13-05-600x225.jpg 600w, https:\/\/integrator.retomotion.com\/wp-content\/uploads\/sites\/3\/2024\/03\/ishare-E-banner4-13-05.jpg 1920w\" sizes=\"(max-width: 300px) 100vw, 300px\" \/><\/p>\n<p>Sambungan kabel fisik hanya memungkinkan satu proyeksi pengguna dari satu perangkat dalam satu waktu. iShare E mendukung tampilan tunggal, tampilan terpisah 1\u00d72, atau tampilan quad 2\u00d72. Mendukung hingga 16x sumber input yang terhubung secara bersamaan.<\/p>\n<\/div>\n<\/div>\n<\/div>\n<\/div>\n<div class=\"product_plug_grid h-newsmoudle color-black h-text-left\">\n<div class=\"imgshow\"><\/div>\n<div class=\"inner-20\">\n<div class=\"m-width-1400\">\n<div class=\"text-p\">\n<h2 class=\"ny_title\">Ramah Tamu<\/h2>\n<p><img loading=\"lazy\" decoding=\"async\" class=\"alignnone size-medium wp-image-10484\" src=\"http:\/\/integrator.retomotion.com\/wp-content\/uploads\/sites\/3\/2024\/03\/ishare-E-banner4-13-09-300x113.jpg\" alt=\"\" width=\"300\" height=\"113\" srcset=\"https:\/\/integrator.retomotion.com\/wp-content\/uploads\/sites\/3\/2024\/03\/ishare-E-banner4-13-09-300x113.jpg 300w, https:\/\/integrator.retomotion.com\/wp-content\/uploads\/sites\/3\/2024\/03\/ishare-E-banner4-13-09-1024x384.jpg 1024w, https:\/\/integrator.retomotion.com\/wp-content\/uploads\/sites\/3\/2024\/03\/ishare-E-banner4-13-09-768x288.jpg 768w, https:\/\/integrator.retomotion.com\/wp-content\/uploads\/sites\/3\/2024\/03\/ishare-E-banner4-13-09-1536x576.jpg 1536w, https:\/\/integrator.retomotion.com\/wp-content\/uploads\/sites\/3\/2024\/03\/ishare-E-banner4-13-09-18x7.jpg 18w, https:\/\/integrator.retomotion.com\/wp-content\/uploads\/sites\/3\/2024\/03\/ishare-E-banner4-13-09-610x229.jpg 610w, https:\/\/integrator.retomotion.com\/wp-content\/uploads\/sites\/3\/2024\/03\/ishare-E-banner4-13-09-1080x405.jpg 1080w, https:\/\/integrator.retomotion.com\/wp-content\/uploads\/sites\/3\/2024\/03\/ishare-E-banner4-13-09-600x225.jpg 600w, https:\/\/integrator.retomotion.com\/wp-content\/uploads\/sites\/3\/2024\/03\/ishare-E-banner4-13-09.jpg 1920w\" sizes=\"(max-width: 300px) 100vw, 300px\" \/><\/p>\n<p>iShare E berfungsi untuk semua orang termasuk pengunjung yang pertama kali datang ke kantor Anda. Karena tidak perlu menginstal perangkat lunak apa pun atau menanyakan kata sandi Wi-Fi perusahaan Anda, rapat dimulai dan diakhiri tepat waktu dengan cara klik dan presentasi yang sangat mudah.<\/p>\n<\/div>\n<\/div>\n<\/div>\n<\/div>\n<div class=\"product_plug_grid h-newsmoudle color-black h-text-center\">\n<div class=\"inner-20\">\n<div class=\"m-width-1400\">\n<div class=\"text-p\">\n<h2 class=\"ny_title\">WiFi ganda<\/h2>\n<p><img loading=\"lazy\" decoding=\"async\" class=\"alignnone size-medium wp-image-10485\" src=\"http:\/\/integrator.retomotion.com\/wp-content\/uploads\/sites\/3\/2024\/03\/ishare-E-banner4-13-03-300x113.jpg\" alt=\"\" width=\"300\" height=\"113\" srcset=\"https:\/\/integrator.retomotion.com\/wp-content\/uploads\/sites\/3\/2024\/03\/ishare-E-banner4-13-03-300x113.jpg 300w, https:\/\/integrator.retomotion.com\/wp-content\/uploads\/sites\/3\/2024\/03\/ishare-E-banner4-13-03-1024x384.jpg 1024w, https:\/\/integrator.retomotion.com\/wp-content\/uploads\/sites\/3\/2024\/03\/ishare-E-banner4-13-03-768x288.jpg 768w, https:\/\/integrator.retomotion.com\/wp-content\/uploads\/sites\/3\/2024\/03\/ishare-E-banner4-13-03-1536x576.jpg 1536w, https:\/\/integrator.retomotion.com\/wp-content\/uploads\/sites\/3\/2024\/03\/ishare-E-banner4-13-03-18x7.jpg 18w, https:\/\/integrator.retomotion.com\/wp-content\/uploads\/sites\/3\/2024\/03\/ishare-E-banner4-13-03-610x229.jpg 610w, https:\/\/integrator.retomotion.com\/wp-content\/uploads\/sites\/3\/2024\/03\/ishare-E-banner4-13-03-1080x405.jpg 1080w, https:\/\/integrator.retomotion.com\/wp-content\/uploads\/sites\/3\/2024\/03\/ishare-E-banner4-13-03-600x225.jpg 600w, https:\/\/integrator.retomotion.com\/wp-content\/uploads\/sites\/3\/2024\/03\/ishare-E-banner4-13-03.jpg 1920w\" sizes=\"(max-width: 300px) 100vw, 300px\" \/><\/p>\n<p>Bagaimana jika Anda ingin menggunakan internet saat mentransmisikan perangkat seluler Anda yang menghubungkan Wi-Fi ruang pertemuan tanpa internet? iShare E mendukung teknologi Dual-WiFi yang memungkinkan Anda mengunjungi internet sambil mentransmisi atau menampilkan konten online.<\/p>\n<\/div>\n<\/div>\n<\/div>\n<\/div>\n<div class=\"product_plug_grid h-newsmoudle color-black h-text-left\">\n<div class=\"imgshow\"><\/div>\n<div class=\"inner-20\">\n<div class=\"m-width-1400\">\n<div class=\"text-p\">\n<h2 class=\"ny_title\">Kontrol Sentuh Kembali yang Intuitif<\/h2>\n<p><img loading=\"lazy\" decoding=\"async\" class=\"alignnone size-medium wp-image-10486\" src=\"http:\/\/integrator.retomotion.com\/wp-content\/uploads\/sites\/3\/2024\/03\/ishare-E-banner4-13-06-300x113.jpg\" alt=\"\" width=\"300\" height=\"113\" srcset=\"https:\/\/integrator.retomotion.com\/wp-content\/uploads\/sites\/3\/2024\/03\/ishare-E-banner4-13-06-300x113.jpg 300w, https:\/\/integrator.retomotion.com\/wp-content\/uploads\/sites\/3\/2024\/03\/ishare-E-banner4-13-06-1024x384.jpg 1024w, https:\/\/integrator.retomotion.com\/wp-content\/uploads\/sites\/3\/2024\/03\/ishare-E-banner4-13-06-768x288.jpg 768w, https:\/\/integrator.retomotion.com\/wp-content\/uploads\/sites\/3\/2024\/03\/ishare-E-banner4-13-06-1536x576.jpg 1536w, https:\/\/integrator.retomotion.com\/wp-content\/uploads\/sites\/3\/2024\/03\/ishare-E-banner4-13-06-18x7.jpg 18w, https:\/\/integrator.retomotion.com\/wp-content\/uploads\/sites\/3\/2024\/03\/ishare-E-banner4-13-06-610x229.jpg 610w, https:\/\/integrator.retomotion.com\/wp-content\/uploads\/sites\/3\/2024\/03\/ishare-E-banner4-13-06-1080x405.jpg 1080w, https:\/\/integrator.retomotion.com\/wp-content\/uploads\/sites\/3\/2024\/03\/ishare-E-banner4-13-06-600x225.jpg 600w, https:\/\/integrator.retomotion.com\/wp-content\/uploads\/sites\/3\/2024\/03\/ishare-E-banner4-13-06.jpg 1920w\" sizes=\"(max-width: 300px) 100vw, 300px\" \/><\/p>\n<p>Dengan layar interaktif atau papan tulis, Anda dapat mengontrol PC\/Mac sumber dengan memanipulasi atau membuat anotasi tanpa kabel tersambung atau berjalan kembali ke tempat duduk Anda.<\/p>\n<\/div>\n<\/div>\n<\/div>\n<\/div>\n<div class=\"product_plug_grid h-newsmoudle cffft h-text-center\">\n<div class=\"inner-20\">\n<div class=\"m-width-1400\">\n<div class=\"text-p\">\n<h2 class=\"ny_title\">Berbagi layar yang kuat<\/h2>\n<p><img loading=\"lazy\" decoding=\"async\" class=\"alignnone size-medium wp-image-10487\" src=\"http:\/\/integrator.retomotion.com\/wp-content\/uploads\/sites\/3\/2024\/03\/ishare-E-banner4-13-02-300x113.jpg\" alt=\"\" width=\"300\" height=\"113\" srcset=\"https:\/\/integrator.retomotion.com\/wp-content\/uploads\/sites\/3\/2024\/03\/ishare-E-banner4-13-02-300x113.jpg 300w, https:\/\/integrator.retomotion.com\/wp-content\/uploads\/sites\/3\/2024\/03\/ishare-E-banner4-13-02-1024x384.jpg 1024w, https:\/\/integrator.retomotion.com\/wp-content\/uploads\/sites\/3\/2024\/03\/ishare-E-banner4-13-02-768x288.jpg 768w, https:\/\/integrator.retomotion.com\/wp-content\/uploads\/sites\/3\/2024\/03\/ishare-E-banner4-13-02-1536x576.jpg 1536w, https:\/\/integrator.retomotion.com\/wp-content\/uploads\/sites\/3\/2024\/03\/ishare-E-banner4-13-02-18x7.jpg 18w, https:\/\/integrator.retomotion.com\/wp-content\/uploads\/sites\/3\/2024\/03\/ishare-E-banner4-13-02-610x229.jpg 610w, https:\/\/integrator.retomotion.com\/wp-content\/uploads\/sites\/3\/2024\/03\/ishare-E-banner4-13-02-1080x405.jpg 1080w, https:\/\/integrator.retomotion.com\/wp-content\/uploads\/sites\/3\/2024\/03\/ishare-E-banner4-13-02-600x225.jpg 600w, https:\/\/integrator.retomotion.com\/wp-content\/uploads\/sites\/3\/2024\/03\/ishare-E-banner4-13-02.jpg 1920w\" sizes=\"(max-width: 300px) 100vw, 300px\" \/><\/p>\n<p>Bagikan gambar, audio, video, dokumen ke layar dan dukung kontrol sentuh, Air Mouse, Mirror Back, dan Remote Control.<\/p>\n<\/div>\n<\/div>\n<\/div>\n<\/div>\n<div class=\"product_plug_grid h-newsmoudle color-black h-text-center\">\n<div class=\"inner-20\">\n<div class=\"m-width-1400\">\n<div class=\"text-p\">\n<h2 class=\"ny_title\">Papan tulis bawaan<\/h2>\n<p><img loading=\"lazy\" decoding=\"async\" class=\"alignnone size-medium wp-image-10488\" src=\"http:\/\/integrator.retomotion.com\/wp-content\/uploads\/sites\/3\/2024\/03\/ishare-E-banner4-13-07-300x113.jpg\" alt=\"\" width=\"300\" height=\"113\" srcset=\"https:\/\/integrator.retomotion.com\/wp-content\/uploads\/sites\/3\/2024\/03\/ishare-E-banner4-13-07-300x113.jpg 300w, https:\/\/integrator.retomotion.com\/wp-content\/uploads\/sites\/3\/2024\/03\/ishare-E-banner4-13-07-1024x384.jpg 1024w, https:\/\/integrator.retomotion.com\/wp-content\/uploads\/sites\/3\/2024\/03\/ishare-E-banner4-13-07-768x288.jpg 768w, https:\/\/integrator.retomotion.com\/wp-content\/uploads\/sites\/3\/2024\/03\/ishare-E-banner4-13-07-1536x576.jpg 1536w, https:\/\/integrator.retomotion.com\/wp-content\/uploads\/sites\/3\/2024\/03\/ishare-E-banner4-13-07-18x7.jpg 18w, https:\/\/integrator.retomotion.com\/wp-content\/uploads\/sites\/3\/2024\/03\/ishare-E-banner4-13-07-610x229.jpg 610w, https:\/\/integrator.retomotion.com\/wp-content\/uploads\/sites\/3\/2024\/03\/ishare-E-banner4-13-07-1080x405.jpg 1080w, https:\/\/integrator.retomotion.com\/wp-content\/uploads\/sites\/3\/2024\/03\/ishare-E-banner4-13-07-600x225.jpg 600w, https:\/\/integrator.retomotion.com\/wp-content\/uploads\/sites\/3\/2024\/03\/ishare-E-banner4-13-07.jpg 1920w\" sizes=\"(max-width: 300px) 100vw, 300px\" \/><\/p>\n<p>Ini memiliki papan tulis internal untuk mengubah layar sentuh Anda menjadi sistem kolaborasi nyata.<\/p>\n<\/div>\n<\/div>\n<\/div>\n<\/div>\n<div id=\"section5\" class=\"product_table m-width-1400 inner-20\">\n<h2 class=\"ny_title normal\">Lembaran data<\/h2>\n<div class=\"table\">\n<table width=\"694\">\n<tbody>\n<tr>\n<td colspan=\"2\" width=\"694\">Unit Penerima\/Rx\/Basis<\/td>\n<\/tr>\n<tr>\n<td width=\"177\">Jumlah Pengguna Secara Bersamaan di layar<\/td>\n<td width=\"517\">iShare E400: 4 gambar\/layar<br \/>\niShare E200: 2 gambar\/layar<\/td>\n<\/tr>\n<tr>\n<td width=\"177\">Maks. Pengguna terhubung<\/td>\n<td width=\"517\">16<\/td>\n<\/tr>\n<tr>\n<td width=\"177\">Antena<\/td>\n<td width=\"517\">iShare E400: Bawaan; iShare E200: Eksternal<\/td>\n<\/tr>\n<tr>\n<td width=\"177\">Resolusi keluaran<\/td>\n<td width=\"517\">Maks. 3840\u00d72160\/30Hz<\/td>\n<\/tr>\n<tr>\n<td width=\"177\">sistem operasi<\/td>\n<td width=\"517\">Android 5.1<\/td>\n<\/tr>\n<tr>\n<td width=\"177\">Berbagi Layar Nirkabel<\/td>\n<td width=\"517\">Perangkat lunak Eshare (Android, Windows, macOS, iOS, Chrome, Ubuntu);<br \/>\niOS Airplay, AndroidMicracast<\/td>\n<\/tr>\n<tr>\n<td rowspan=\"6\" width=\"177\">Konektor<\/td>\n<td width=\"517\">HDMI: 1<\/td>\n<\/tr>\n<tr>\n<td width=\"517\">USB: 2<\/td>\n<\/tr>\n<tr>\n<td width=\"517\">3,5 mm: 1<\/td>\n<\/tr>\n<tr>\n<td width=\"517\">TF: \u226564G (khusus iShare E400)<\/td>\n<\/tr>\n<tr>\n<td width=\"517\">RJ45: 1<\/td>\n<\/tr>\n<tr>\n<td width=\"517\">Teknologi Layar Sentuh Inframerah: Ya<\/td>\n<\/tr>\n<tr>\n<td rowspan=\"9\" width=\"177\">keluaran HDMI<\/td>\n<td width=\"517\">Tampilan dukungan: 720P 1080P 2K 4K<\/td>\n<\/tr>\n<tr>\n<td width=\"517\">Rasio dukungan: 4:3, 16:9<\/td>\n<\/tr>\n<tr>\n<td width=\"517\">Jenis Wifi: 2.4G, 5G, WiFi frekuensi ganda<\/td>\n<\/tr>\n<tr>\n<td width=\"517\">Kecepatan nirkabel: &gt;200 Mbps*2<\/td>\n<\/tr>\n<tr>\n<td width=\"517\">Nirkabel: IEEE 802.11 a\/g\/n\/ac<\/td>\n<\/tr>\n<tr>\n<td width=\"517\">Wifi: STA &amp; AP<\/td>\n<\/tr>\n<tr>\n<td width=\"517\">Pita: 2.4G\/5.8G<\/td>\n<\/tr>\n<tr>\n<td width=\"517\">Enkripsi: AES<\/td>\n<\/tr>\n<tr>\n<td width=\"517\">Enkripsi: WPA2-PSK<\/td>\n<\/tr>\n<tr>\n<td rowspan=\"2\" width=\"177\">Audio &amp; video<\/td>\n<td width=\"517\">Dekode Video: Mendukung H263, H.264, H265, VP8, RV, WMV, AVS, MPEG4<\/td>\n<\/tr>\n<tr>\n<td width=\"517\">Resolusi pengodean: 720P\/1080P\/2K\/4K<\/td>\n<\/tr>\n<tr>\n<td rowspan=\"5\" width=\"177\">Kontrol sentuh<\/td>\n<td width=\"517\">Tipe antarmuka: USB HID<\/td>\n<\/tr>\n<tr>\n<td width=\"517\">Tikus: Ya<\/td>\n<\/tr>\n<tr>\n<td width=\"517\">Teknologi Layar Sentuh Inframerah: Ya<\/td>\n<\/tr>\n<tr>\n<td width=\"517\">Sentuh: Ya<\/td>\n<\/tr>\n<tr>\n<td width=\"517\">Kapasitas panel sentuh: Ya<\/td>\n<\/tr>\n<tr>\n<td width=\"177\">Kepingan<\/td>\n<td width=\"517\">Korteks-A17, 1.8Ghz,4Quad<\/td>\n<\/tr>\n<tr>\n<td width=\"177\">DDR<\/td>\n<td width=\"517\">2G DDR3<\/td>\n<\/tr>\n<tr>\n<td width=\"177\">ROM<\/td>\n<td width=\"517\">8G<\/td>\n<\/tr>\n<tr>\n<td width=\"177\">kekuatan<\/td>\n<td width=\"517\">DC5V, 2A<\/td>\n<\/tr>\n<tr>\n<td rowspan=\"4\" width=\"177\">Lingkungan<\/td>\n<td width=\"517\">Suhu pengoperasian: 20\u00b0~70\u00b0C<\/td>\n<\/tr>\n<tr>\n<td width=\"517\">Kelembapan pengoperasian: 10%- 85%<\/td>\n<\/tr>\n<tr>\n<td width=\"517\">Suhu Penyimpanan: -20\u00b0C- 70\u00b0C<\/td>\n<\/tr>\n<tr>\n<td width=\"517\">Kelembaban penyimpanan: 5%- 95%<\/td>\n<\/tr>\n<tr>\n<td rowspan=\"2\" width=\"177\">Ukuran<\/td>\n<td width=\"517\">Dimensi (L x T x T): 139 x 24 x 85mm<\/td>\n<\/tr>\n<tr>\n<td width=\"517\">Ukuran Paket (L x T x D): 217 x 69 x 206mm<\/td>\n<\/tr>\n<tr>\n<td width=\"177\">Berat Produk<\/td>\n<td width=\"517\">200 gram<\/td>\n<\/tr>\n<tr>\n<td width=\"177\">Dalam kotak<\/td>\n<td width=\"517\">Penerima iShare E, Catu Daya, Remote Control, Kabel HDMI<\/td>\n<\/tr>\n<tr>\n<td colspan=\"2\" width=\"694\">Dongle\/ Rx<br \/>\nModel: iShare H11E<\/td>\n<\/tr>\n<tr>\n<td width=\"177\">Pelabuhan<\/td>\n<td width=\"517\">HDMI Tipe A<\/td>\n<\/tr>\n<tr>\n<td width=\"177\">Resolusi keluaran<\/td>\n<td width=\"517\">720\u00d7480, 720\u00d7576, 1280\u00d7720, 1920\u00d71080\/60<\/td>\n<\/tr>\n<tr>\n<td width=\"177\">Siaran audio<\/td>\n<td width=\"517\">44.1KHz\/16bit, Stereo<\/td>\n<\/tr>\n<tr>\n<td width=\"177\">Nirkabel<\/td>\n<td width=\"517\">IEEE 802.11 ac \/802.11n<\/td>\n<\/tr>\n<tr>\n<td width=\"177\">Pita transmisi<\/td>\n<td width=\"517\">2.4G &amp; 5G<\/td>\n<\/tr>\n<tr>\n<td width=\"177\">Jarak transmisi<\/td>\n<td width=\"517\">Maks. 35 meter<\/td>\n<\/tr>\n<tr>\n<td width=\"177\">Keterlambatan transmisi<\/td>\n<td width=\"517\">Maks. 150 md<\/td>\n<\/tr>\n<tr>\n<td width=\"177\">Kontrol sentuh terbalik<\/td>\n<td width=\"517\">Mendukung 10 titik sentuh (Dengan perangkat lunak Eshare: 2 poin;<br \/>\nDengan dongle: 2 poin untuk macOS, dan 10 poin untuk Windows)<\/td>\n<\/tr>\n<tr>\n<td width=\"177\">HDMI HDCP<\/td>\n<td width=\"517\">Ya<\/td>\n<\/tr>\n<tr>\n<td colspan=\"2\" width=\"694\">Dongle\/ Rx<br \/>\nModel: iShare C11E<\/td>\n<\/tr>\n<tr>\n<td width=\"177\">Pelabuhan<\/td>\n<td width=\"517\">USB Tye-C<\/td>\n<\/tr>\n<tr>\n<td width=\"177\">Siaran audio<\/td>\n<td width=\"517\">44.1KHz\/16bit, Stereo<\/td>\n<\/tr>\n<tr>\n<td width=\"177\">Protokol transportasi<\/td>\n<td width=\"517\">IEEE 802.11 ac \/802.11n<\/td>\n<\/tr>\n<tr>\n<td width=\"177\">Pita transmisi<\/td>\n<td width=\"517\">2.4G &amp; 5G<\/td>\n<\/tr>\n<tr>\n<td width=\"177\">Jarak transmisi<\/td>\n<td width=\"517\">Maks. 35 meter<\/td>\n<\/tr>\n<tr>\n<td width=\"177\">Keterlambatan transmisi<\/td>\n<td width=\"517\">Maks. 150 md<\/td>\n<\/tr>\n<tr>\n<td width=\"177\">Kontrol sentuh terbalik<\/td>\n<td width=\"517\">Mendukung 10 titik sentuh (Dengan perangkat lunak Eshare: 2 poin;<br \/>\nDengan dongle: 2 poin untuk macOS, dan 10 poin untuk Windows)<\/td>\n<\/tr>\n<tr>\n<td width=\"177\">Transfer Tipe-C melalui ponsel cerdas<\/td>\n<td width=\"517\">Dukungan untuk mengontrol layar dari ponsel<\/td>\n<\/tr>\n<tr>\n<td width=\"177\">HDMI HDCP<\/td>\n<td width=\"517\">Ya<\/td>\n<\/tr>\n<\/tbody>\n<\/table>\n<\/div>\n<\/div>","protected":false},"excerpt":{"rendered":"<p>Wireless Presentation \u2022 Touch control \u2022 Max. 16 users connected simultaneously \u2022 USB C or HDMI wireless dongles \u2022 Up to 4 images per screen \u2022 Supports Windows, macOS, iOS, Android, Google Chrome, and Ubuntu, etc. \u2022 Powered by EShare software The most powerful presentation system Compatible with all devices: Share screens from Windows, macOS, [&hellip;]<\/p>\n","protected":false},"featured_media":10489,"template":"","meta":[],"pwb-brand":[320],"product_brand":[],"product_cat":[58,65,270,271],"product_tag":[512],"solution":[],"markets":[],"dept":[],"class_list":{"0":"post-10479","1":"product","2":"type-product","3":"status-publish","4":"has-post-thumbnail","6":"pwb-brand-infobit","7":"product_cat-audio-visual","8":"product_cat-conference","9":"product_cat-education","10":"product_cat-workplace","11":"product_tag-infobit","13":"first","14":"instock","15":"shipping-taxable","16":"product-type-variable"},"aioseo_notices":[],"brands":[{"id":320,"name":"Infobit AV","slug":"infobit"}],"_links":{"self":[{"href":"https:\/\/integrator.retomotion.com\/id\/wp-json\/wp\/v2\/product\/10479","targetHints":{"allow":["GET"]}}],"collection":[{"href":"https:\/\/integrator.retomotion.com\/id\/wp-json\/wp\/v2\/product"}],"about":[{"href":"https:\/\/integrator.retomotion.com\/id\/wp-json\/wp\/v2\/types\/product"}],"wp:featuredmedia":[{"embeddable":true,"href":"https:\/\/integrator.retomotion.com\/id\/wp-json\/wp\/v2\/media\/10489"}],"wp:attachment":[{"href":"https:\/\/integrator.retomotion.com\/id\/wp-json\/wp\/v2\/media?parent=10479"}],"wp:term":[{"taxonomy":"pwb-brand","embeddable":true,"href":"https:\/\/integrator.retomotion.com\/id\/wp-json\/wp\/v2\/pwb-brand?post=10479"},{"taxonomy":"product_brand","embeddable":true,"href":"https:\/\/integrator.retomotion.com\/id\/wp-json\/wp\/v2\/product_brand?post=10479"},{"taxonomy":"product_cat","embeddable":true,"href":"https:\/\/integrator.retomotion.com\/id\/wp-json\/wp\/v2\/product_cat?post=10479"},{"taxonomy":"product_tag","embeddable":true,"href":"https:\/\/integrator.retomotion.com\/id\/wp-json\/wp\/v2\/product_tag?post=10479"},{"taxonomy":"solution","embeddable":true,"href":"https:\/\/integrator.retomotion.com\/id\/wp-json\/wp\/v2\/solution?post=10479"},{"taxonomy":"markets","embeddable":true,"href":"https:\/\/integrator.retomotion.com\/id\/wp-json\/wp\/v2\/markets?post=10479"},{"taxonomy":"dept","embeddable":true,"href":"https:\/\/integrator.retomotion.com\/id\/wp-json\/wp\/v2\/dept?post=10479"}],"curies":[{"name":"wp","href":"https:\/\/api.w.org\/{rel}","templated":true}]}}