{"id":10860,"date":"2024-04-04T09:57:58","date_gmt":"2024-04-04T02:57:58","guid":{"rendered":"https:\/\/integrator.retomotion.com\/?post_type=product&#038;p=10860"},"modified":"2024-04-06T14:30:42","modified_gmt":"2024-04-06T07:30:42","slug":"pemeran-jchub-jcvision","status":"publish","type":"product","link":"https:\/\/integrator.retomotion.com\/id\/produk\/pemeran-jchub-jcvision\/","title":{"rendered":"Pemeran JCVision JCHub"},"content":{"rendered":"<div class='et-simple-slider et_sliderfx_fade et_sliderauto_false et_sliderauto_speed_5000 et_slidertype_simple'>\n\t\t\t<div class='et-simple-slides'>\n\t\t\t\t<div class='et-tabs-content-wrapper'>\n\t\t\t\t\t<div class='et_slidecontent'>\n\t\t\t<img loading=\"lazy\" decoding=\"async\" class=\"size-medium wp-image-10862 aligncenter\" src=\"http:\/\/integrator.retomotion.com\/wp-content\/uploads\/sites\/3\/2024\/04\/JCHub-300x240.jpg\" alt=\"\" width=\"300\" height=\"240\" srcset=\"https:\/\/integrator.retomotion.com\/wp-content\/uploads\/sites\/3\/2024\/04\/JCHub-300x240.jpg 300w, https:\/\/integrator.retomotion.com\/wp-content\/uploads\/sites\/3\/2024\/04\/JCHub-768x614.jpg 768w, https:\/\/integrator.retomotion.com\/wp-content\/uploads\/sites\/3\/2024\/04\/JCHub-15x12.jpg 15w, https:\/\/integrator.retomotion.com\/wp-content\/uploads\/sites\/3\/2024\/04\/JCHub-610x488.jpg 610w, https:\/\/integrator.retomotion.com\/wp-content\/uploads\/sites\/3\/2024\/04\/JCHub-600x480.jpg 600w, https:\/\/integrator.retomotion.com\/wp-content\/uploads\/sites\/3\/2024\/04\/JCHub.jpg 1000w\" sizes=\"(max-width: 300px) 100vw, 300px\" \/>\n\t\t<\/div> \n\t\t<div class='et_slidecontent'>\n\t\t\t<img loading=\"lazy\" decoding=\"async\" class=\"size-medium wp-image-10863 aligncenter\" src=\"http:\/\/integrator.retomotion.com\/wp-content\/uploads\/sites\/3\/2024\/04\/JCHub2-300x240.jpg\" alt=\"\" width=\"300\" height=\"240\" srcset=\"https:\/\/integrator.retomotion.com\/wp-content\/uploads\/sites\/3\/2024\/04\/JCHub2-300x240.jpg 300w, https:\/\/integrator.retomotion.com\/wp-content\/uploads\/sites\/3\/2024\/04\/JCHub2-768x614.jpg 768w, https:\/\/integrator.retomotion.com\/wp-content\/uploads\/sites\/3\/2024\/04\/JCHub2-15x12.jpg 15w, https:\/\/integrator.retomotion.com\/wp-content\/uploads\/sites\/3\/2024\/04\/JCHub2-610x488.jpg 610w, https:\/\/integrator.retomotion.com\/wp-content\/uploads\/sites\/3\/2024\/04\/JCHub2-600x480.jpg 600w, https:\/\/integrator.retomotion.com\/wp-content\/uploads\/sites\/3\/2024\/04\/JCHub2.jpg 1000w\" sizes=\"(max-width: 300px) 100vw, 300px\" \/>\n\t\t<\/div> \n\t\t<div class='et_slidecontent'>\n\t\t\t<img loading=\"lazy\" decoding=\"async\" class=\"size-medium wp-image-10864 aligncenter\" src=\"http:\/\/integrator.retomotion.com\/wp-content\/uploads\/sites\/3\/2024\/04\/JCHub3-300x240.jpg\" alt=\"\" width=\"300\" height=\"240\" srcset=\"https:\/\/integrator.retomotion.com\/wp-content\/uploads\/sites\/3\/2024\/04\/JCHub3-300x240.jpg 300w, https:\/\/integrator.retomotion.com\/wp-content\/uploads\/sites\/3\/2024\/04\/JCHub3-768x614.jpg 768w, https:\/\/integrator.retomotion.com\/wp-content\/uploads\/sites\/3\/2024\/04\/JCHub3-15x12.jpg 15w, https:\/\/integrator.retomotion.com\/wp-content\/uploads\/sites\/3\/2024\/04\/JCHub3-610x488.jpg 610w, https:\/\/integrator.retomotion.com\/wp-content\/uploads\/sites\/3\/2024\/04\/JCHub3-600x480.jpg 600w, https:\/\/integrator.retomotion.com\/wp-content\/uploads\/sites\/3\/2024\/04\/JCHub3.jpg 1000w\" sizes=\"(max-width: 300px) 100vw, 300px\" \/>\n\t\t<\/div> \n\t\t<div class='et_slidecontent'>\n\t\t\t<img loading=\"lazy\" decoding=\"async\" class=\"size-medium wp-image-10865 aligncenter\" src=\"http:\/\/integrator.retomotion.com\/wp-content\/uploads\/sites\/3\/2024\/04\/JCHub4-300x240.jpg\" alt=\"\" width=\"300\" height=\"240\" srcset=\"https:\/\/integrator.retomotion.com\/wp-content\/uploads\/sites\/3\/2024\/04\/JCHub4-300x240.jpg 300w, https:\/\/integrator.retomotion.com\/wp-content\/uploads\/sites\/3\/2024\/04\/JCHub4-768x614.jpg 768w, https:\/\/integrator.retomotion.com\/wp-content\/uploads\/sites\/3\/2024\/04\/JCHub4-15x12.jpg 15w, https:\/\/integrator.retomotion.com\/wp-content\/uploads\/sites\/3\/2024\/04\/JCHub4-610x488.jpg 610w, https:\/\/integrator.retomotion.com\/wp-content\/uploads\/sites\/3\/2024\/04\/JCHub4-600x480.jpg 600w, https:\/\/integrator.retomotion.com\/wp-content\/uploads\/sites\/3\/2024\/04\/JCHub4.jpg 1000w\" sizes=\"(max-width: 300px) 100vw, 300px\" \/>\n\t\t<\/div> \n\t\t<div class='et_slidecontent'>\n\t\t\t<img loading=\"lazy\" decoding=\"async\" class=\"size-medium wp-image-10866 aligncenter\" src=\"http:\/\/integrator.retomotion.com\/wp-content\/uploads\/sites\/3\/2024\/04\/JCHub5-300x240.jpg\" alt=\"\" width=\"300\" height=\"240\" srcset=\"https:\/\/integrator.retomotion.com\/wp-content\/uploads\/sites\/3\/2024\/04\/JCHub5-300x240.jpg 300w, https:\/\/integrator.retomotion.com\/wp-content\/uploads\/sites\/3\/2024\/04\/JCHub5-768x614.jpg 768w, https:\/\/integrator.retomotion.com\/wp-content\/uploads\/sites\/3\/2024\/04\/JCHub5-15x12.jpg 15w, https:\/\/integrator.retomotion.com\/wp-content\/uploads\/sites\/3\/2024\/04\/JCHub5-610x488.jpg 610w, https:\/\/integrator.retomotion.com\/wp-content\/uploads\/sites\/3\/2024\/04\/JCHub5-600x480.jpg 600w, https:\/\/integrator.retomotion.com\/wp-content\/uploads\/sites\/3\/2024\/04\/JCHub5.jpg 1000w\" sizes=\"(max-width: 300px) 100vw, 300px\" \/>\n\t\t<\/div> \n\t\t<div class='et_slidecontent'>\n\t\t\t<img loading=\"lazy\" decoding=\"async\" class=\"size-medium wp-image-10867 aligncenter\" src=\"http:\/\/integrator.retomotion.com\/wp-content\/uploads\/sites\/3\/2024\/04\/JCHub6-300x240.jpg\" alt=\"\" width=\"300\" height=\"240\" srcset=\"https:\/\/integrator.retomotion.com\/wp-content\/uploads\/sites\/3\/2024\/04\/JCHub6-300x240.jpg 300w, https:\/\/integrator.retomotion.com\/wp-content\/uploads\/sites\/3\/2024\/04\/JCHub6-768x614.jpg 768w, https:\/\/integrator.retomotion.com\/wp-content\/uploads\/sites\/3\/2024\/04\/JCHub6-15x12.jpg 15w, https:\/\/integrator.retomotion.com\/wp-content\/uploads\/sites\/3\/2024\/04\/JCHub6-610x488.jpg 610w, https:\/\/integrator.retomotion.com\/wp-content\/uploads\/sites\/3\/2024\/04\/JCHub6-600x480.jpg 600w, https:\/\/integrator.retomotion.com\/wp-content\/uploads\/sites\/3\/2024\/04\/JCHub6.jpg 1000w\" sizes=\"(max-width: 300px) 100vw, 300px\" \/>\n\t\t<\/div> \n\t\t<div class='et_slidecontent'>\n\t\t\t<img loading=\"lazy\" decoding=\"async\" class=\"size-medium wp-image-10868 aligncenter\" src=\"http:\/\/integrator.retomotion.com\/wp-content\/uploads\/sites\/3\/2024\/04\/JCHub7-300x240.jpg\" alt=\"\" width=\"300\" height=\"240\" srcset=\"https:\/\/integrator.retomotion.com\/wp-content\/uploads\/sites\/3\/2024\/04\/JCHub7-300x240.jpg 300w, https:\/\/integrator.retomotion.com\/wp-content\/uploads\/sites\/3\/2024\/04\/JCHub7-768x614.jpg 768w, https:\/\/integrator.retomotion.com\/wp-content\/uploads\/sites\/3\/2024\/04\/JCHub7-15x12.jpg 15w, https:\/\/integrator.retomotion.com\/wp-content\/uploads\/sites\/3\/2024\/04\/JCHub7-610x488.jpg 610w, https:\/\/integrator.retomotion.com\/wp-content\/uploads\/sites\/3\/2024\/04\/JCHub7-600x480.jpg 600w, https:\/\/integrator.retomotion.com\/wp-content\/uploads\/sites\/3\/2024\/04\/JCHub7.jpg 1000w\" sizes=\"(max-width: 300px) 100vw, 300px\" \/>\n\t\t<\/div> \n\t\t<div class='et_slidecontent'>\n\t\t\t<img loading=\"lazy\" decoding=\"async\" class=\"size-medium wp-image-10861 aligncenter\" src=\"http:\/\/integrator.retomotion.com\/wp-content\/uploads\/sites\/3\/2024\/04\/JCHub8-300x240.jpg\" alt=\"\" width=\"300\" height=\"240\" srcset=\"https:\/\/integrator.retomotion.com\/wp-content\/uploads\/sites\/3\/2024\/04\/JCHub8-300x240.jpg 300w, https:\/\/integrator.retomotion.com\/wp-content\/uploads\/sites\/3\/2024\/04\/JCHub8-768x614.jpg 768w, https:\/\/integrator.retomotion.com\/wp-content\/uploads\/sites\/3\/2024\/04\/JCHub8-15x12.jpg 15w, https:\/\/integrator.retomotion.com\/wp-content\/uploads\/sites\/3\/2024\/04\/JCHub8-610x488.jpg 610w, https:\/\/integrator.retomotion.com\/wp-content\/uploads\/sites\/3\/2024\/04\/JCHub8-600x480.jpg 600w, https:\/\/integrator.retomotion.com\/wp-content\/uploads\/sites\/3\/2024\/04\/JCHub8.jpg 1000w\" sizes=\"(max-width: 300px) 100vw, 300px\" \/>\n\t\t<\/div>\n\t\t\t\t<\/div>\n\t\t\t<\/div>\n\t\t<\/div>\n\t\t\n<p>&nbsp;<\/p>\n<table style=\"font-weight: 400\">\n<tbody>\n<tr>\n<td width=\"54\"><strong>S\/T<\/strong><\/td>\n<td width=\"76\"><\/td>\n<td width=\"438\"><strong>Fitur<\/strong><\/td>\n<\/tr>\n<\/tbody>\n<tbody>\n<tr>\n<td width=\"54\">1<\/td>\n<td width=\"76\">Persyaratan dasar<\/td>\n<td width=\"438\">JCHUB-Cast digunakan untuk transmisi nirkabel antara JCTOUCH &amp; Perangkat Portabel agar interaktif satu sama lain.<\/p>\n<p>JCHUB-Share adalah Klik &amp; Bagikan, JCHUB kami sudah dibangun di Modul JCHUB-Cast, jadi tidak perlu JCHUB-Cast, bisa langsung menggunakan JCHUB-Share.<\/p>\n<p>JCHUB-Cast &amp; JCHUB-Share sangat stabil, drop line rate\uff1c1time\/3hour,Jarak multi-layar\uff1e25m<\/p>\n<p>1, Versi Sistem: Android 5.1\uff1b<\/p>\n<p>2, Prosesor Pusat: ARM Cortex A17 x 4\uff1b<\/p>\n<p>3, Ram: 2G DDR3 \uff1b<\/p>\n<p>4, SoftAP 802.11ac 5.8G AP, Wifi &amp; SoftAP\uff1b<\/p>\n<p>5, frekuensi WiFi: frekuensi ganda 5.8G\/2.4G;<\/p>\n<p>6, mendukung Windows 7\/8\/10,iosIOS 9.0 dan yang lebih baru, sistem Apple Mac;Mac OSX 10.6\/10.7\/10.8\/10.9<\/p>\n<p>7, mendukung AirPlay atau Mirror cast<\/td>\n<\/tr>\n<tr>\n<td width=\"54\">2<\/td>\n<td width=\"76\">Pelabuhan<\/td>\n<td width=\"438\">1, keluaran HDMI, 1280*720P\/1920*1080P\uff1b<\/p>\n<p>2, port LanRJ45*1,USB*2, antena wifi*2;<\/p>\n<p>3, panel depan memiliki indikator daya, data, dan wifi<\/td>\n<\/tr>\n<tr>\n<td width=\"54\">3<\/td>\n<td width=\"76\">Audio<\/td>\n<td width=\"438\">1, mendukung H.264,H.265,VP8,RV,WMV,AVS,H.263,MPEG4, decoding Video, kecepatan bingkai Video kecepatan 18-30;<\/p>\n<p>2, resolusi pengodean Video: 1920*1080P;<\/p>\n<p>3, Resolusi Masukan: 1024\u00d7768-1280\u00d7720-1920\u00d71080<\/td>\n<\/tr>\n<tr>\n<td width=\"54\">4<\/td>\n<td width=\"76\">JCHUB-Bagikan<\/td>\n<td width=\"438\">1, WIFI: 5.8G AP atau 5.8G STA<\/p>\n<p>2, Port: Perangkat USB<\/p>\n<p>3, mendukung Windows 7\/8\/10, Apple Mac<\/p>\n<p>4, Resolusi\uff1a720P~1080P,Kecepatan Bingkai\uff1aVideo\/Audio 18~30tingkat<\/p>\n<p>5, jeda: 100~200 md<\/p>\n<p>6\u3001Tampilan Multi-layar<\/p>\n<p>7\u300110 umpan balik titik sentuh\uff08Windows 7\/8\/10\uff09<\/p>\n<p>8, mendukung umpan balik Mouse (Windows xp, Mac)<\/p>\n<p>9\u3001 1~8 saluran<\/p>\n<p>10, pemancar kecepatan nirkabel 300Mbps<\/p>\n<p>11\u3001Protokol transmisi nirkabel IEEE 802.11 a\/g\/n\/ac<\/p>\n<p>12, Tali: 5.8G, WPA2-PSK<\/td>\n<\/tr>\n<tr>\n<td width=\"54\">5<\/td>\n<td width=\"76\">Pemeran Cermin Jaringan PC<\/td>\n<td width=\"438\">1\u3001Konfigurasi: Jaringan lokal yang sama<\/p>\n<p>2, dukungan: Windows 7\/8\/10, Apple Mac<\/p>\n<p>3, Resolusi\uff1a720P~1080P,Kecepatan\uff1aVideo\/Audio 18~30<\/p>\n<p>4\u3001Lag\uff1a100~200ms<\/p>\n<p>5, Sentuh Umpan Balik: Mendukung umpan balik Mouse (Windows, Mac)<\/p>\n<p>6\u3001Koneksi jaringan: Merekomendasikan RJ45\u62165G WIFI (JCHUB Kami Memiliki 5G WIFI AP)<\/td>\n<\/tr>\n<tr>\n<td width=\"54\">6<\/td>\n<td width=\"76\">Lingkungan<\/td>\n<td width=\"438\">Masukan Daya: DC\uff1a220V,10W<\/p>\n<p>Suhu Lingkungan: Suhu Kerja 0\u2103~40\u2103,Kelembaban Kerja10%~90%<\/td>\n<\/tr>\n<tr>\n<td width=\"54\">7<\/td>\n<td width=\"76\">Aksesoris<\/td>\n<td width=\"438\">1 * Kabel Daya, 1 * kabel HDMI, 2 * Kabel WIFI<\/td>\n<\/tr>\n<\/tbody>\n<\/table>","protected":false},"excerpt":{"rendered":"<p>&nbsp; S\/N Features 1 Basic Requirement JCHUB-Cast is used for wireless transmission between JCTOUCH &amp; Portable Device to interactive with each other. JCHUB-Share is Click &amp; Share, our JCHUB is already build in JCHUB-Cast Module, so no need JCHUB-Cast, can use JCHUB-Share directly. JCHUB-Cast &amp; JCHUB-Share is very stable, drop line rate\uff1c1time\/3hour\uff0cMulti-screen distance\uff1e25m 1\u3001System Version:\u00a0Android [&hellip;]<\/p>\n","protected":false},"featured_media":10869,"template":"","meta":[],"pwb-brand":[418],"product_brand":[],"product_cat":[58,411,65,270,371,271],"product_tag":[511],"solution":[],"markets":[],"dept":[],"class_list":{"0":"post-10860","1":"product","2":"type-product","3":"status-publish","4":"has-post-thumbnail","6":"pwb-brand-jcvision","7":"product_cat-audio-visual","8":"product_cat-broadcasting","9":"product_cat-conference","10":"product_cat-education","11":"product_cat-pro-video","12":"product_cat-workplace","13":"product_tag-jcvision","15":"first","16":"instock","17":"shipping-taxable","18":"product-type-simple"},"aioseo_notices":[],"brands":[{"id":418,"name":"JCVision","slug":"jcvision"}],"_links":{"self":[{"href":"https:\/\/integrator.retomotion.com\/id\/wp-json\/wp\/v2\/product\/10860","targetHints":{"allow":["GET"]}}],"collection":[{"href":"https:\/\/integrator.retomotion.com\/id\/wp-json\/wp\/v2\/product"}],"about":[{"href":"https:\/\/integrator.retomotion.com\/id\/wp-json\/wp\/v2\/types\/product"}],"wp:featuredmedia":[{"embeddable":true,"href":"https:\/\/integrator.retomotion.com\/id\/wp-json\/wp\/v2\/media\/10869"}],"wp:attachment":[{"href":"https:\/\/integrator.retomotion.com\/id\/wp-json\/wp\/v2\/media?parent=10860"}],"wp:term":[{"taxonomy":"pwb-brand","embeddable":true,"href":"https:\/\/integrator.retomotion.com\/id\/wp-json\/wp\/v2\/pwb-brand?post=10860"},{"taxonomy":"product_brand","embeddable":true,"href":"https:\/\/integrator.retomotion.com\/id\/wp-json\/wp\/v2\/product_brand?post=10860"},{"taxonomy":"product_cat","embeddable":true,"href":"https:\/\/integrator.retomotion.com\/id\/wp-json\/wp\/v2\/product_cat?post=10860"},{"taxonomy":"product_tag","embeddable":true,"href":"https:\/\/integrator.retomotion.com\/id\/wp-json\/wp\/v2\/product_tag?post=10860"},{"taxonomy":"solution","embeddable":true,"href":"https:\/\/integrator.retomotion.com\/id\/wp-json\/wp\/v2\/solution?post=10860"},{"taxonomy":"markets","embeddable":true,"href":"https:\/\/integrator.retomotion.com\/id\/wp-json\/wp\/v2\/markets?post=10860"},{"taxonomy":"dept","embeddable":true,"href":"https:\/\/integrator.retomotion.com\/id\/wp-json\/wp\/v2\/dept?post=10860"}],"curies":[{"name":"wp","href":"https:\/\/api.w.org\/{rel}","templated":true}]}}